{"id":148,"date":"2023-12-05T13:01:00","date_gmt":"2023-12-05T13:01:00","guid":{"rendered":"https:\/\/n-t-v.at\/?page_id=148"},"modified":"2025-06-26T10:41:11","modified_gmt":"2025-06-26T10:41:11","slug":"projektvorschlag-bungalow-116m%c2%b2","status":"publish","type":"page","link":"https:\/\/n-t-v.at\/?page_id=148","title":{"rendered":"Projektvorschlag: Bungalow 116m\u00b2"},"content":{"rendered":"\n<div class=\"wp-block-columns is-layout-flex wp-container-core-columns-is-layout-9d6595d7 wp-block-columns-is-layout-flex\">\n<div class=\"wp-block-column is-layout-flow wp-block-column-is-layout-flow\">\n<figure class=\"wp-block-image size-large\"><img loading=\"lazy\" decoding=\"async\" width=\"1024\" height=\"576\" src=\"https:\/\/n-t-v.at\/wp-content\/uploads\/2023\/12\/Luftbild-1024x576.jpg\" alt=\"\" class=\"wp-image-150\" srcset=\"https:\/\/n-t-v.at\/wp-content\/uploads\/2023\/12\/Luftbild-1024x576.jpg 1024w, https:\/\/n-t-v.at\/wp-content\/uploads\/2023\/12\/Luftbild-300x169.jpg 300w, https:\/\/n-t-v.at\/wp-content\/uploads\/2023\/12\/Luftbild-768x432.jpg 768w, https:\/\/n-t-v.at\/wp-content\/uploads\/2023\/12\/Luftbild-1536x864.jpg 1536w, https:\/\/n-t-v.at\/wp-content\/uploads\/2023\/12\/Luftbild.jpg 1600w\" sizes=\"auto, (max-width: 1024px) 100vw, 1024px\" \/><figcaption class=\"wp-element-caption\">Symbolfoto &#8211; \u00e4hnlich der Entwurfsplanung<\/figcaption><\/figure>\n\n\n\n<figure class=\"wp-block-image size-large\"><img loading=\"lazy\" decoding=\"async\" width=\"1024\" height=\"810\" src=\"https:\/\/n-t-v.at\/wp-content\/uploads\/2023\/12\/Grundriss-1024x810.png\" alt=\"\" class=\"wp-image-151\" srcset=\"https:\/\/n-t-v.at\/wp-content\/uploads\/2023\/12\/Grundriss-1024x810.png 1024w, https:\/\/n-t-v.at\/wp-content\/uploads\/2023\/12\/Grundriss-300x237.png 300w, https:\/\/n-t-v.at\/wp-content\/uploads\/2023\/12\/Grundriss-768x608.png 768w, https:\/\/n-t-v.at\/wp-content\/uploads\/2023\/12\/Grundriss.png 1178w\" sizes=\"auto, (max-width: 1024px) 100vw, 1024px\" \/><\/figure>\n\n\n\n<figure class=\"wp-block-image size-large\"><img loading=\"lazy\" decoding=\"async\" width=\"1024\" height=\"556\" src=\"https:\/\/n-t-v.at\/wp-content\/uploads\/2023\/12\/Ansichten-1024x556.jpg\" alt=\"\" class=\"wp-image-153\" srcset=\"https:\/\/n-t-v.at\/wp-content\/uploads\/2023\/12\/Ansichten-1024x556.jpg 1024w, https:\/\/n-t-v.at\/wp-content\/uploads\/2023\/12\/Ansichten-300x163.jpg 300w, https:\/\/n-t-v.at\/wp-content\/uploads\/2023\/12\/Ansichten-768x417.jpg 768w, https:\/\/n-t-v.at\/wp-content\/uploads\/2023\/12\/Ansichten.jpg 1275w\" sizes=\"auto, (max-width: 1024px) 100vw, 1024px\" \/><\/figure>\n\n\n\n<figure class=\"wp-block-image size-full\"><img loading=\"lazy\" decoding=\"async\" width=\"770\" height=\"314\" src=\"https:\/\/n-t-v.at\/wp-content\/uploads\/2023\/12\/Schnitt.jpg\" alt=\"\" class=\"wp-image-152\" srcset=\"https:\/\/n-t-v.at\/wp-content\/uploads\/2023\/12\/Schnitt.jpg 770w, https:\/\/n-t-v.at\/wp-content\/uploads\/2023\/12\/Schnitt-300x122.jpg 300w, https:\/\/n-t-v.at\/wp-content\/uploads\/2023\/12\/Schnitt-768x313.jpg 768w\" sizes=\"auto, (max-width: 770px) 100vw, 770px\" \/><figcaption class=\"wp-element-caption\">OG mit voller Raumh\u00f6he<\/figcaption><\/figure>\n\n\n\n<figure class=\"wp-block-image size-large\"><img loading=\"lazy\" decoding=\"async\" width=\"1024\" height=\"768\" src=\"https:\/\/n-t-v.at\/wp-content\/uploads\/2023\/12\/Wohn-Essbereich-1024x768.jpg\" alt=\"\" class=\"wp-image-154\" srcset=\"https:\/\/n-t-v.at\/wp-content\/uploads\/2023\/12\/Wohn-Essbereich-1024x768.jpg 1024w, https:\/\/n-t-v.at\/wp-content\/uploads\/2023\/12\/Wohn-Essbereich-300x225.jpg 300w, https:\/\/n-t-v.at\/wp-content\/uploads\/2023\/12\/Wohn-Essbereich-768x576.jpg 768w, https:\/\/n-t-v.at\/wp-content\/uploads\/2023\/12\/Wohn-Essbereich-1536x1152.jpg 1536w, https:\/\/n-t-v.at\/wp-content\/uploads\/2023\/12\/Wohn-Essbereich.jpg 1600w\" sizes=\"auto, (max-width: 1024px) 100vw, 1024px\" \/><figcaption class=\"wp-element-caption\">Ansicht<\/figcaption><\/figure>\n<\/div>\n\n\n\n<div class=\"wp-block-column is-layout-flow wp-block-column-is-layout-flow\">\n<ul class=\"wp-block-list\">\n<li><strong>Hardfakts:<\/strong><\/li>\n\n\n\n<li>Einreichunterlagen<\/li>\n\n\n\n<li>Erdarbeiten (Basis: ebenes tragf\u00e4higes Grundst\u00fcck)<\/li>\n\n\n\n<li>Ged\u00e4mmte Fundamentplatte mit Streifenfundamenten<\/li>\n\n\n\n<li>Ver- u. Entsorgungsleitungen (anh\u00e4ngig vom GST)<\/li>\n\n\n\n<li>Eingangspodest und Einzelfundamente<\/li>\n\n\n\n<li>Vertikal- und Horizontal- Abdichtungen<\/li>\n\n\n\n<li>Zufahrts- und Terrassenbefestigung (abh\u00e4ngig vom Gst)<\/li>\n\n\n\n<li>Regenwasseranlage mit Sch\u00e4chten und Verrohrung -w.o<\/li>\n\n\n\n<li>Ziegelmassivmauerwerk, Stahlbeton \u2013 Massivdecke<\/li>\n\n\n\n<li>Roste, Tr\u00e4ger etc\u2026<\/li>\n\n\n\n<li>Innenputz, Fensterb\u00e4nke innen\/au\u00dfen<\/li>\n\n\n\n<li>Bodenaufbau EG<\/li>\n\n\n\n<li>Kaminanlage Raumluft &#8211; unabh\u00e4ngig<\/li>\n\n\n\n<li>Dachkonstruktionen \u2013 Spengler \u2013 Dachdecker<\/li>\n\n\n\n<li>3fach verglaste Kunststofffenster \/ Aluminium Haust\u00fcren<\/li>\n\n\n\n<li>Sonnenschutz und Insektenschutz<\/li>\n\n\n\n<li>Elektroinstallation 120 Ausl\u00e4sse (samt Schalterprogramm)<\/li>\n\n\n\n<li><strong>Photovoltaikanlage um mit 8kwP enthalten !!<\/strong><\/li>\n\n\n\n<li>Viessmann Luft- Wasserw\u00e4rmepumpe,<\/li>\n\n\n\n<li>Fu\u00dfbodenheizung<\/li>\n\n\n\n<li>Sanit\u00e4rinstallation und Sanit\u00e4reinrichtung lt. Plan<\/li>\n\n\n\n<li>Innenausbau &#8211; Arbeiten<\/li>\n\n\n\n<li>Malerarbeiten<\/li>\n\n\n\n<li>Fliesenlegerarbeiten<\/li>\n\n\n\n<li>Bodenlegerarbeiten (Parkett)<\/li>\n\n\n\n<li>CPL &#8211; R\u00f6hrenspan Innent\u00fcren<\/li>\n\n\n\n<li><strong>50er HLZ mit GPL Fassade<\/strong><\/li>\n<\/ul>\n\n\n\n<h2 class=\"wp-block-heading has-text-align-right\">N-T-V Preis 06\/2025<br>\u20ac 400.900,-*<\/h2>\n\n\n\n<p class=\"has-text-align-right\">*Gesamtkosten Brutto inkl. UST<br>Summiert aus Pauschalangeboten<br>einzelner Gewerke, die wahlweise auch<br>entnommen werden k\u00f6nnen<\/p>\n\n\n\n<p class=\"has-text-align-right\">Aufgrund momentaner Preisentwicklungen<br>Bitten wir um Anfrage zur aktuellen G\u00fcltigkeit<\/p>\n\n\n\n<p><strong>Nicht enthalten:<\/strong> Au\u00dfenanlage, Aushub-Verf\u00fchr,<br>Pflaster- und Asphaltierungen, K\u00fcche \/ M\u00f6bel<br>Grundst\u00fcck und Anschlusskosten. CARPORT<br>Sowie sonstige nicht angef\u00fchrte Gewerke<\/p>\n\n\n\n<p><strong>Individuell ist das Schlagwort:<\/strong><br>Mit uns entsteht ihr Traumhaus, ganz nach ihren<br>Vorstellungen, Bed\u00fcrfnissen, an ihr Budget angepasst.<\/p>\n\n\n\n<p><strong>Entwurfsplanung und Angebotslegung kostenlos<\/strong><br><strong>und unverbindlich<\/strong>. Fragen kostet nichts \u2026<br>\u2026 wir freuen uns auf ein nettes und bestimmt<br>informatives Gespr\u00e4ch mit ihnen \u2013 Ihr N-T-V Team<\/p>\n<\/div>\n<\/div>\n\n\n\n<p><\/p>\n","protected":false},"excerpt":{"rendered":"<p>N-T-V Preis 06\/2025\u20ac 400.900,-* *Gesamtkosten Brutto inkl. USTSummiert aus Pauschalangeboteneinzelner Gewerke, die wahlweise auchentnommen werden k\u00f6nnen Aufgrund momentaner PreisentwicklungenBitten wir um Anfrage zur aktuellen G\u00fcltigkeit Nicht enthalten: Au\u00dfenanlage, Aushub-Verf\u00fchr,Pflaster- und Asphaltierungen, K\u00fcche \/ M\u00f6belGrundst\u00fcck und Anschlusskosten. CARPORTSowie sonstige nicht angef\u00fchrte Gewerke Individuell ist das Schlagwort:Mit uns entsteht ihr Traumhaus, ganz nach ihrenVorstellungen, Bed\u00fcrfnissen, an ihr [&hellip;]<\/p>\n","protected":false},"author":1,"featured_media":0,"parent":0,"menu_order":0,"comment_status":"closed","ping_status":"closed","template":"","meta":{"footnotes":""},"class_list":["post-148","page","type-page","status-publish","hentry"],"_links":{"self":[{"href":"https:\/\/n-t-v.at\/index.php?rest_route=\/wp\/v2\/pages\/148","targetHints":{"allow":["GET"]}}],"collection":[{"href":"https:\/\/n-t-v.at\/index.php?rest_route=\/wp\/v2\/pages"}],"about":[{"href":"https:\/\/n-t-v.at\/index.php?rest_route=\/wp\/v2\/types\/page"}],"author":[{"embeddable":true,"href":"https:\/\/n-t-v.at\/index.php?rest_route=\/wp\/v2\/users\/1"}],"replies":[{"embeddable":true,"href":"https:\/\/n-t-v.at\/index.php?rest_route=%2Fwp%2Fv2%2Fcomments&post=148"}],"version-history":[{"count":4,"href":"https:\/\/n-t-v.at\/index.php?rest_route=\/wp\/v2\/pages\/148\/revisions"}],"predecessor-version":[{"id":217,"href":"https:\/\/n-t-v.at\/index.php?rest_route=\/wp\/v2\/pages\/148\/revisions\/217"}],"wp:attachment":[{"href":"https:\/\/n-t-v.at\/index.php?rest_route=%2Fwp%2Fv2%2Fmedia&parent=148"}],"curies":[{"name":"wp","href":"https:\/\/api.w.org\/{rel}","templated":true}]}}