{"id":158,"date":"2023-12-05T13:13:22","date_gmt":"2023-12-05T13:13:22","guid":{"rendered":"https:\/\/n-t-v.at\/?page_id=158"},"modified":"2025-06-26T11:01:11","modified_gmt":"2025-06-26T11:01:11","slug":"projektvorschlag-walmdachhaus-140m%c2%b2","status":"publish","type":"page","link":"https:\/\/n-t-v.at\/?page_id=158","title":{"rendered":"Projektvorschlag: Walmdachhaus 140m\u00b2"},"content":{"rendered":"\n<div class=\"wp-block-columns is-layout-flex wp-container-core-columns-is-layout-9d6595d7 wp-block-columns-is-layout-flex\">\n<div class=\"wp-block-column is-layout-flow wp-block-column-is-layout-flow\">\n<figure class=\"wp-block-image size-large\"><img loading=\"lazy\" decoding=\"async\" width=\"1024\" height=\"686\" src=\"https:\/\/n-t-v.at\/wp-content\/uploads\/2023\/12\/W130-1024x686.png\" alt=\"\" class=\"wp-image-170\" srcset=\"https:\/\/n-t-v.at\/wp-content\/uploads\/2023\/12\/W130-1024x686.png 1024w, https:\/\/n-t-v.at\/wp-content\/uploads\/2023\/12\/W130-300x201.png 300w, https:\/\/n-t-v.at\/wp-content\/uploads\/2023\/12\/W130-768x515.png 768w, https:\/\/n-t-v.at\/wp-content\/uploads\/2023\/12\/W130-1536x1030.png 1536w, https:\/\/n-t-v.at\/wp-content\/uploads\/2023\/12\/W130-2048x1373.png 2048w\" sizes=\"auto, (max-width: 1024px) 100vw, 1024px\" \/><figcaption class=\"wp-element-caption\">Symbolfoto &#8211; \u00e4hnlich der Entwurfsplanung<\/figcaption><\/figure>\n\n\n\n<figure class=\"wp-block-image size-large\"><img loading=\"lazy\" decoding=\"async\" width=\"1024\" height=\"724\" src=\"https:\/\/n-t-v.at\/wp-content\/uploads\/2023\/12\/Graller-20191105-3-EP-Vorlage-Model-1024x724.jpg\" alt=\"\" class=\"wp-image-162\" srcset=\"https:\/\/n-t-v.at\/wp-content\/uploads\/2023\/12\/Graller-20191105-3-EP-Vorlage-Model-1024x724.jpg 1024w, https:\/\/n-t-v.at\/wp-content\/uploads\/2023\/12\/Graller-20191105-3-EP-Vorlage-Model-300x212.jpg 300w, https:\/\/n-t-v.at\/wp-content\/uploads\/2023\/12\/Graller-20191105-3-EP-Vorlage-Model-768x543.jpg 768w, https:\/\/n-t-v.at\/wp-content\/uploads\/2023\/12\/Graller-20191105-3-EP-Vorlage-Model-1536x1086.jpg 1536w, https:\/\/n-t-v.at\/wp-content\/uploads\/2023\/12\/Graller-20191105-3-EP-Vorlage-Model-2048x1447.jpg 2048w\" sizes=\"auto, (max-width: 1024px) 100vw, 1024px\" \/><\/figure>\n\n\n\n<figure class=\"wp-block-image size-large\"><img loading=\"lazy\" decoding=\"async\" width=\"1024\" height=\"724\" src=\"https:\/\/n-t-v.at\/wp-content\/uploads\/2023\/12\/W139-1-1-1024x724.jpg\" alt=\"\" class=\"wp-image-167\" srcset=\"https:\/\/n-t-v.at\/wp-content\/uploads\/2023\/12\/W139-1-1-1024x724.jpg 1024w, https:\/\/n-t-v.at\/wp-content\/uploads\/2023\/12\/W139-1-1-300x212.jpg 300w, https:\/\/n-t-v.at\/wp-content\/uploads\/2023\/12\/W139-1-1-768x543.jpg 768w, https:\/\/n-t-v.at\/wp-content\/uploads\/2023\/12\/W139-1-1-1536x1086.jpg 1536w, https:\/\/n-t-v.at\/wp-content\/uploads\/2023\/12\/W139-1-1-2048x1447.jpg 2048w\" sizes=\"auto, (max-width: 1024px) 100vw, 1024px\" \/><\/figure>\n\n\n\n<figure class=\"wp-block-image size-large\"><img loading=\"lazy\" decoding=\"async\" width=\"1403\" height=\"992\" src=\"https:\/\/n-t-v.at\/wp-content\/uploads\/2023\/12\/W139-2-edited.jpg\" alt=\"\" class=\"wp-image-164\" srcset=\"https:\/\/n-t-v.at\/wp-content\/uploads\/2023\/12\/W139-2-edited.jpg 1403w, https:\/\/n-t-v.at\/wp-content\/uploads\/2023\/12\/W139-2-edited-300x212.jpg 300w, https:\/\/n-t-v.at\/wp-content\/uploads\/2023\/12\/W139-2-edited-1024x724.jpg 1024w, https:\/\/n-t-v.at\/wp-content\/uploads\/2023\/12\/W139-2-edited-768x543.jpg 768w\" sizes=\"auto, (max-width: 1403px) 100vw, 1403px\" \/><figcaption class=\"wp-element-caption\">OG mit voller Raumh\u00f6he<\/figcaption><\/figure>\n\n\n\n<figure class=\"wp-block-image size-large\"><img loading=\"lazy\" decoding=\"async\" width=\"1024\" height=\"768\" src=\"https:\/\/n-t-v.at\/wp-content\/uploads\/2023\/12\/20210520_135607-1-1024x768.jpg\" alt=\"\" class=\"wp-image-163\" srcset=\"https:\/\/n-t-v.at\/wp-content\/uploads\/2023\/12\/20210520_135607-1-1024x768.jpg 1024w, https:\/\/n-t-v.at\/wp-content\/uploads\/2023\/12\/20210520_135607-1-300x225.jpg 300w, https:\/\/n-t-v.at\/wp-content\/uploads\/2023\/12\/20210520_135607-1-768x576.jpg 768w, https:\/\/n-t-v.at\/wp-content\/uploads\/2023\/12\/20210520_135607-1-1536x1152.jpg 1536w, https:\/\/n-t-v.at\/wp-content\/uploads\/2023\/12\/20210520_135607-1-2048x1536.jpg 2048w\" sizes=\"auto, (max-width: 1024px) 100vw, 1024px\" \/><figcaption class=\"wp-element-caption\">Ansicht<\/figcaption><\/figure>\n<\/div>\n\n\n\n<div class=\"wp-block-column is-layout-flow wp-block-column-is-layout-flow\">\n<ul class=\"wp-block-list\">\n<li><strong>Hardfakts:<\/strong><\/li>\n\n\n\n<li>Einreichunterlagen<\/li>\n\n\n\n<li>Erdarbeiten (Basis: ebenes tragf\u00e4higes Grundst\u00fcck)<\/li>\n\n\n\n<li>Ged\u00e4mmte Fundamentplatte mit Streifenfundamenten<\/li>\n\n\n\n<li>Ver- u. Entsorgungsleitungen (anh\u00e4ngig vom GST)<\/li>\n\n\n\n<li>Eingangspodest und Einzelfundamente<\/li>\n\n\n\n<li>Vertikal- und Horizontal- Abdichtungen<\/li>\n\n\n\n<li>Zufahrts- und Terrassenbefestigung (abh\u00e4ngig vom Gst)<\/li>\n\n\n\n<li>Regenwasseranlage mit Sch\u00e4chten und Verrohrung -w.o<\/li>\n\n\n\n<li>Ziegelmassivmauerwerk, Stahlbeton \u2013 Massivdecke<\/li>\n\n\n\n<li>Stiege, Roste, Tr\u00e4ger etc\u2026<\/li>\n\n\n\n<li>Innenputz, Fensterb\u00e4nke innen\/au\u00dfen<\/li>\n\n\n\n<li>Bodenaufbau EG \u2013 OG<\/li>\n\n\n\n<li>Kaminanlage Raumluft &#8211; unabh\u00e4ngig<\/li>\n\n\n\n<li>Dachkonstruktionen \u2013 Spengler \u2013 Dachdecker<\/li>\n\n\n\n<li>Eingangs- und Terrassen\u00fcberdachung (Veranda)<\/li>\n\n\n\n<li>3fach verglaste Kunststofffenster \/ Aluminium Haust\u00fcren<\/li>\n\n\n\n<li>Sonnenschutz und Insektenschutz<\/li>\n\n\n\n<li>Elektroinstallation 120 Ausl\u00e4sse (samt Schalterprogramm)<\/li>\n\n\n\n<li><strong>Photovoltaikanlage mit 8kWp enthalten !!<\/strong><\/li>\n\n\n\n<li>Viessmann Luft- Wasserw\u00e4rmepumpe,<\/li>\n\n\n\n<li>Fu\u00dfbodenheizung<\/li>\n\n\n\n<li>Sanit\u00e4rinstallation und Sanit\u00e4reinrichtung lt. Plan<\/li>\n\n\n\n<li>Innenausbau &#8211; Arbeiten<\/li>\n\n\n\n<li>Malerarbeiten<\/li>\n\n\n\n<li>Fliesenlegerarbeiten<\/li>\n\n\n\n<li>Bodenlegerarbeiten (Parkett)<\/li>\n\n\n\n<li>CPL &#8211; R\u00f6hrenspan Innent\u00fcren<\/li>\n\n\n\n<li>Stiegenhandlauf<\/li>\n\n\n\n<li>Vollw\u00e4rmeschutzverbund &#8211; Fassade,<\/li>\n<\/ul>\n\n\n\n<h2 class=\"wp-block-heading has-text-align-right\">N-T-V Preis 06\/2025<br>\u20ac 420.800,-*<\/h2>\n\n\n\n<p class=\"has-text-align-right\">*Gesamtkosten Brutto inkl. UST<br>Summiert aus Pauschalangeboten<br>einzelner Gewerke, die wahlweise auch<br>entnommen werden k\u00f6nnen<\/p>\n\n\n\n<p class=\"has-text-align-right\">Aufgrund momentaner Preisentwicklungen<br>Bitten wir um Anfrage zur aktuellen G\u00fcltigkeit<\/p>\n\n\n\n<p><strong>Nicht enthalten:<\/strong> Au\u00dfenanlage, Aushub-Verf\u00fchr,<br>Pflaster- und Asphaltierungen, K\u00fcche \/ M\u00f6bel<br>Grundst\u00fcck und Anschlusskosten. CARPORT<br>Sowie sonstige nicht angef\u00fchrte Gewerke<\/p>\n\n\n\n<p><strong>Individuell ist das Schlagwort:<\/strong><br>Mit uns entsteht ihr Traumhaus, ganz nach ihren<br>Vorstellungen, Bed\u00fcrfnissen, an ihr Budget angepasst.<\/p>\n\n\n\n<p><strong>Entwurfsplanung und Angebotslegung kostenlos<\/strong><br><strong>und unverbindlich<\/strong>. Fragen kostet nichts \u2026<br>\u2026 wir freuen uns auf ein nettes und bestimmt<br>informatives Gespr\u00e4ch mit ihnen \u2013 Ihr N-T-V Team<\/p>\n<\/div>\n<\/div>\n\n\n\n<p><\/p>\n","protected":false},"excerpt":{"rendered":"<p>N-T-V Preis 06\/2025\u20ac 420.800,-* *Gesamtkosten Brutto inkl. USTSummiert aus Pauschalangeboteneinzelner Gewerke, die wahlweise auchentnommen werden k\u00f6nnen Aufgrund momentaner PreisentwicklungenBitten wir um Anfrage zur aktuellen G\u00fcltigkeit Nicht enthalten: Au\u00dfenanlage, Aushub-Verf\u00fchr,Pflaster- und Asphaltierungen, K\u00fcche \/ M\u00f6belGrundst\u00fcck und Anschlusskosten. CARPORTSowie sonstige nicht angef\u00fchrte Gewerke Individuell ist das Schlagwort:Mit uns entsteht ihr Traumhaus, ganz nach ihrenVorstellungen, Bed\u00fcrfnissen, an ihr [&hellip;]<\/p>\n","protected":false},"author":1,"featured_media":0,"parent":0,"menu_order":0,"comment_status":"closed","ping_status":"closed","template":"","meta":{"footnotes":""},"class_list":["post-158","page","type-page","status-publish","hentry"],"_links":{"self":[{"href":"https:\/\/n-t-v.at\/index.php?rest_route=\/wp\/v2\/pages\/158","targetHints":{"allow":["GET"]}}],"collection":[{"href":"https:\/\/n-t-v.at\/index.php?rest_route=\/wp\/v2\/pages"}],"about":[{"href":"https:\/\/n-t-v.at\/index.php?rest_route=\/wp\/v2\/types\/page"}],"author":[{"embeddable":true,"href":"https:\/\/n-t-v.at\/index.php?rest_route=\/wp\/v2\/users\/1"}],"replies":[{"embeddable":true,"href":"https:\/\/n-t-v.at\/index.php?rest_route=%2Fwp%2Fv2%2Fcomments&post=158"}],"version-history":[{"count":4,"href":"https:\/\/n-t-v.at\/index.php?rest_route=\/wp\/v2\/pages\/158\/revisions"}],"predecessor-version":[{"id":225,"href":"https:\/\/n-t-v.at\/index.php?rest_route=\/wp\/v2\/pages\/158\/revisions\/225"}],"wp:attachment":[{"href":"https:\/\/n-t-v.at\/index.php?rest_route=%2Fwp%2Fv2%2Fmedia&parent=158"}],"curies":[{"name":"wp","href":"https:\/\/api.w.org\/{rel}","templated":true}]}}