{"id":27,"date":"2022-02-04T13:16:22","date_gmt":"2022-02-04T13:16:22","guid":{"rendered":"https:\/\/n-t-v.at\/?page_id=27"},"modified":"2022-02-04T13:26:21","modified_gmt":"2022-02-04T13:26:21","slug":"impressum-datenschutz","status":"publish","type":"page","link":"https:\/\/n-t-v.at\/?page_id=27","title":{"rendered":"Impressum &#038; Datenschutz"},"content":{"rendered":"\n<h1 class=\"has-large-font-size wp-block-heading\">Impressum<\/h1>\n\n\n\n<p>Norbert Tuscher &#8211; Misselsdorf 156 &#8211; A-8480 Mureck &#8211; BH S\u00fcdoststeiermark, UID: ATU64044527<\/p>\n\n\n\n<p>Mitglied der Wirtschaftskammer Steiermark &#8211; Fachgruppe: Gewerbliche Dienstleiter<\/p>\n\n\n\n<p>Gewerbewortlaut: Vermittlung von Dienstleistungsvertr\u00e4gen zwischen befugten Gewerbetreibenden und Personen, die derartige Leistungen in Anspruch nehmen wollen, beschr\u00e4nkt auf die Namhaftmachung und Zusammenf\u00fchrung der Vertragspartner, unter Anschluss der \u00dcbernahme von Auftr\u00e4gen im eigenen Namen und auf eigene Rechnung sowie ausgenommen der den Arbeitsvermittlern, Immobilientreuh\u00e4ndern, Reiseb\u00fcros, Transportagenten, Spediteuren, Verm\u00f6gensberatern, Versicherungsvermittlern und sonstigen reglementierten Gewerben vorbehaltenen T\u00e4tigkeit.<\/p>\n\n\n\n<hr class=\"wp-block-separator\"\/>\n\n\n\n<h1 class=\"has-large-font-size wp-block-heading\">Erkl\u00e4rung zur Informationspflicht &#8211; Datenschutzerkl\u00e4rung<\/h1>\n\n\n\n<p>Der Schutz Ihrer pers\u00f6nlichen Daten ist uns ein besonderes Anliegen. Wir verarbeiten Ihre Daten daher ausschlie\u00dflich auf Grundlage der gesetzlichen Bestimmungen (DSGVO, TKG 2003). In diesen Datenschutzinformationen informieren wir Sie \u00fcber die wichtigsten Aspekte der Datenverarbeitung im Rahmen unserer Website.<\/p>\n\n\n\n<p>Kontakt mit uns<br>Wenn Sie per Formular auf der Website oder per E-Mail Kontakt mit uns aufnehmen, werden Ihre angegebenen Daten zwecks Bearbeitung der Anfrage und f\u00fcr den Fall von Anschlussfragen sechs Monate bei uns gespeichert. Diese Daten geben wir nicht ohne Ihre Einwilligung weiter.<\/p>\n\n\n\n<p>Dar\u00fcber hinaus werden zum Zweck der Vertragsabwicklung folgende Daten auch bei uns gespeichert: Name, Anschrift, Telefonnummer, Mailadresse, Baugrundst\u00fcck bezogene Daten und Informationen. Die von Ihnen bereit gestellten Daten sind zur Vertragserf\u00fcllung bzw. zur Durchf\u00fchrung vertraglicher Ma\u00dfnahmen erforderlich. Ohne diese Daten k\u00f6nnen wir den Vertrag mit Ihnen nicht abschlie\u00dfen.<\/p>\n\n\n\n<p>Eine Daten\u00fcbermittlung (relevanter Daten) an Dritte erfolgt ausschlie\u00dflich im Rahmen der Vermittlungst\u00e4tigkeiten an ausf\u00fchrende Firmen, sowie Transportunternehmen \/ Speditionsunternehmen zur Zustellung von Ware sowie an unseren Steuerberater zur Erf\u00fcllung unserer steuerrechtlichen Verpflichtungen.<\/p>\n\n\n\n<p>Nach Abbruch einer Anfrage werden die bei uns gespeicherten pers\u00f6nlichen Daten gel\u00f6scht. Im Falle eines Vertragsabschlusses werden s\u00e4mtliche Daten aus dem Vertragsverh\u00e4ltnis bis zum Ablauf der steuerrechtlichen Aufbewahrungsfrist (7 Jahre) gespeichert.<\/p>\n\n\n\n<p>Die Datenverarbeitung erfolgt auf Basis der gesetzlichen Bestimmungen des \u00a7 96 Abs 3 TKG sowie des Art 6 Abs 1 lit a (Einwilligung) und\/oder lit b (notwendig zur Vertragserf\u00fcllung) der DSGVO.<\/p>\n\n\n\n<p>Ihre Rechte<\/p>\n\n\n\n<p>Ihnen stehen bez\u00fcglich Ihrer bei uns gespeicherten Daten grunds\u00e4tzlich die Rechte auf Auskunft, Berichtigung, L\u00f6schung, Einschr\u00e4nkung, Daten\u00fcbertragbarkeit, Widerruf und Widerspruch zu. Wenn Sie glauben, dass die Verarbeitung Ihrer Daten gegen das Datenschutzrecht verst\u00f6\u00dft oder Ihre datenschutzrechtlichen Anspr\u00fcche sonst in einer Weise verletzt worden sind, k\u00f6nnen Sie sich bei der uns [office@n-t-v.at] oder der Datenschutzbeh\u00f6rde beschweren.<\/p>\n\n\n\n<p>Sie erreichen uns unter folgenden Kontaktdaten:<\/p>\n\n\n\n<p>Norbert TUSCHER<br>Misselsdorf 156<br>8480 Mureck<br>0676 \/ 63 25 950<br>office@n-t-v.at<\/p>\n","protected":false},"excerpt":{"rendered":"<p>Impressum Norbert Tuscher &#8211; Misselsdorf 156 &#8211; A-8480 Mureck &#8211; BH S\u00fcdoststeiermark, UID: ATU64044527 Mitglied der Wirtschaftskammer Steiermark &#8211; Fachgruppe: Gewerbliche Dienstleiter Gewerbewortlaut: Vermittlung von Dienstleistungsvertr\u00e4gen zwischen befugten Gewerbetreibenden und Personen, die derartige Leistungen in Anspruch nehmen wollen, beschr\u00e4nkt auf die Namhaftmachung und Zusammenf\u00fchrung der Vertragspartner, unter Anschluss der \u00dcbernahme von Auftr\u00e4gen im eigenen Namen [&hellip;]<\/p>\n","protected":false},"author":1,"featured_media":0,"parent":0,"menu_order":0,"comment_status":"closed","ping_status":"closed","template":"","meta":{"footnotes":""},"class_list":["post-27","page","type-page","status-publish","hentry"],"_links":{"self":[{"href":"https:\/\/n-t-v.at\/index.php?rest_route=\/wp\/v2\/pages\/27","targetHints":{"allow":["GET"]}}],"collection":[{"href":"https:\/\/n-t-v.at\/index.php?rest_route=\/wp\/v2\/pages"}],"about":[{"href":"https:\/\/n-t-v.at\/index.php?rest_route=\/wp\/v2\/types\/page"}],"author":[{"embeddable":true,"href":"https:\/\/n-t-v.at\/index.php?rest_route=\/wp\/v2\/users\/1"}],"replies":[{"embeddable":true,"href":"https:\/\/n-t-v.at\/index.php?rest_route=%2Fwp%2Fv2%2Fcomments&post=27"}],"version-history":[{"count":2,"href":"https:\/\/n-t-v.at\/index.php?rest_route=\/wp\/v2\/pages\/27\/revisions"}],"predecessor-version":[{"id":34,"href":"https:\/\/n-t-v.at\/index.php?rest_route=\/wp\/v2\/pages\/27\/revisions\/34"}],"wp:attachment":[{"href":"https:\/\/n-t-v.at\/index.php?rest_route=%2Fwp%2Fv2%2Fmedia&parent=27"}],"curies":[{"name":"wp","href":"https:\/\/api.w.org\/{rel}","templated":true}]}}